{"id":23,"date":"2014-12-17T09:55:05","date_gmt":"2014-12-17T09:55:05","guid":{"rendered":"http:\/\/demo.select-themes.com\/cabin8\/?page_id=23"},"modified":"2026-04-22T05:22:54","modified_gmt":"2026-04-22T05:22:54","slug":"la-empresa","status":"publish","type":"page","link":"https:\/\/www.cerramientosmetalicos.com\/es\/la-empresa\/","title":{"rendered":"La Empresa"},"content":{"rendered":"<section class=\"wpb-content-wrapper\"><p>[vc_row][vc_column][vc_empty_space height=\u00bb80px\u00bb][\/vc_column][\/vc_row][vc_row text_align=\u00bbcenter\u00bb triangle_shape=\u00bbno\u00bb triangle_shape_position=\u00bbboth\u00bb][vc_column][vc_text_separator title=\u00bbLA EMPRESA\u00bb down=\u00bb10&#8243;][vc_single_image image=\u00bb40923&#8243; img_size=\u00bbfull\u00bb alignment=\u00bbcenter\u00bb][\/vc_column][\/vc_row][vc_row padding_top=\u00bb29&#8243; triangle_shape=\u00bbno\u00bb triangle_shape_position=\u00bbboth\u00bb][vc_column][vc_column_text]Cerramientos Met\u00e1licos y Pl\u00e1sticos, S.L. es una empresa fundada hace 31 a\u00f1os con sede en el Pol\u00edgono de Raos, Santander.<\/p>\n<p>Cerramientos Met\u00e1licos y Pl\u00e1sticos ha realizado, entre otros trabajos, el cierre de la Autov\u00eda A-8 desde Astillero hasta Colindres, y de la misma Autov\u00eda desde Torrelavega hasta Cabez\u00f3n de la Sal, el cerramiento de numerosas industrias y empresas, adem\u00e1s de diversas urbanizaciones.<\/p>\n<p>En Cerramientos Met\u00e1licos y Pl\u00e1sticos contamos con la maquinaria y veh\u00edculos m\u00e1s modernos para realizar nuestros trabajos: mini-pala, cami\u00f3n MAN para su transporte, dumppers, taladros refrigerados por agua para perforar muros de hormig\u00f3n con varilla de hasta 25 mm, taladros para perforar roca y piedra, etc.<\/p>\n<p>Todos estos medios unidos a la gran experiencia de nuestros a\u00f1os de trabajo hacen de Cerramientos Met\u00e1licos y Pl\u00e1sticos, S.L. una empresa de total garant\u00eda para nuestros clientes.<\/p>\n<p>[\/vc_column_text][\/vc_column][\/vc_row][vc_row][vc_column][vc_text_separator title=\u00bbLOCALIZACI\u00d3N\u00bb up=\u00bb30&#8243; down=\u00bb10&#8243;][\/vc_column][\/vc_row][vc_row][vc_column width=\u00bb1\/4&#8243;][vc_column_text]<\/p>\n<p data-start=\"71\" data-end=\"231\">Situada en Guarnizo, en el municipio de El Astillero (Cantabria), se encuentra <strong data-start=\"150\" data-end=\"176\">Cerramientos Raos S.L.<\/strong>, con buen acceso desde Santander y las zonas cercanas.<\/p>\n<p data-start=\"233\" data-end=\"329\">Su ubicaci\u00f3n, pr\u00f3xima a la autov\u00eda S-10, facilita el acceso tanto a clientes como a proveedores.<\/p>\n<p>&nbsp;<\/p>\n<p><strong>C\/ Ram\u00f3n y Cajal, 94<\/strong><br \/>\n39611 Guarnizo (Cantabria) ESPA\u00d1A<\/p>\n<p><strong>Tel\u00e9fono: <a href=\"tel:615408105\">615 408 105<\/a><\/strong><\/p>\n<p><a href=\"http:\/\/www.cerramientosmetalicos.com\/\">www.cerramientosmetalicos.com<\/a><br \/>\n<a href=\"mailto:cerramientosraos@cerramientosraos.com\">cerramientosraos@cerramientosraos.com<\/a><br \/>\n<a class=\"moz-txt-link-abbreviated\" href=\"mailto:comercial@cerramientosraos.com\">comercial@cerramientosraos.com<\/a>[\/vc_column_text][\/vc_column][vc_column width=\u00bb3\/4&#8243;][vc_raw_html]JTNDaWZyYW1lJTIwc3JjJTNEJTIyaHR0cHMlM0ElMkYlMkZ3d3cuZ29vZ2xlLmNvbSUyRm1hcHMlMkZlbWJlZCUzRnBiJTNEJTIxMW0xNCUyMTFtMTIlMjExbTMlMjExZDUxMi41MTg0OTM1ODI2MDM4JTIxMmQtMy44NTk1MjAyNDkyNDY4MTUlMjEzZDQzLjM5Mjg2MjMwOTEzOTc2JTIxMm0zJTIxMWYwJTIxMmYwJTIxM2YwJTIxM20yJTIxMWkxMDI0JTIxMmk3NjglMjE0ZjEzLjElMjE1ZTAlMjEzbTIlMjExc2VzJTIxMnNlcyUyMTR2MTc3Njc2OTU4MDk1NyUyMTVtMiUyMTFzZXMlMjEyc2VzJTIyJTIwd2lkdGglM0QlMjI4MDAlMjIlMjBoZWlnaHQlM0QlMjI0NTAlMjIlMjBzdHlsZSUzRCUyMmJvcmRlciUzQTAlM0IlMjIlMjBhbGxvd2Z1bGxzY3JlZW4lM0QlMjIlMjIlMjBsb2FkaW5nJTNEJTIybGF6eSUyMiUyMHJlZmVycmVycG9saWN5JTNEJTIybm8tcmVmZXJyZXItd2hlbi1kb3duZ3JhZGUlMjIlM0UlM0MlMkZpZnJhbWUlM0U=[\/vc_raw_html][\/vc_column][\/vc_row][vc_row][vc_column][vc_separator type=\u00bbtransparent\u00bb up=\u00bb30&#8243;][\/vc_column][\/vc_row]<\/p>\n<\/section>","protected":false},"excerpt":{"rendered":"<p>[vc_row][vc_column][vc_empty_space height=\u00bb80px\u00bb][\/vc_column][\/vc_row][vc_row text_align=\u00bbcenter\u00bb triangle_shape=\u00bbno\u00bb triangle_shape_position=\u00bbboth\u00bb][vc_column][vc_text_separator title=\u00bbLA EMPRESA\u00bb down=\u00bb10&#8243;][vc_single_image image=\u00bb40923&#8243; img_size=\u00bbfull\u00bb alignment=\u00bbcenter\u00bb][\/vc_column][\/vc_row][vc_row padding_top=\u00bb29&#8243; triangle_shape=\u00bbno\u00bb triangle_shape_position=\u00bbboth\u00bb][vc_column][vc_column_text]Cerramientos Met\u00e1licos y Pl\u00e1sticos, S.L. es una empresa fundada hace 31 a\u00f1os con sede en el Pol\u00edgono de Raos, Santander. Cerramientos Met\u00e1licos y Pl\u00e1sticos ha realizado, entre otros trabajos, el cierre de&#8230;<\/p>\n","protected":false},"author":1,"featured_media":0,"parent":0,"menu_order":0,"comment_status":"open","ping_status":"open","template":"","meta":{"footnotes":""},"class_list":["post-23","page","type-page","status-publish","hentry"],"_links":{"self":[{"href":"https:\/\/www.cerramientosmetalicos.com\/es\/wp-json\/wp\/v2\/pages\/23","targetHints":{"allow":["GET"]}}],"collection":[{"href":"https:\/\/www.cerramientosmetalicos.com\/es\/wp-json\/wp\/v2\/pages"}],"about":[{"href":"https:\/\/www.cerramientosmetalicos.com\/es\/wp-json\/wp\/v2\/types\/page"}],"author":[{"embeddable":true,"href":"https:\/\/www.cerramientosmetalicos.com\/es\/wp-json\/wp\/v2\/users\/1"}],"replies":[{"embeddable":true,"href":"https:\/\/www.cerramientosmetalicos.com\/es\/wp-json\/wp\/v2\/comments?post=23"}],"version-history":[{"count":25,"href":"https:\/\/www.cerramientosmetalicos.com\/es\/wp-json\/wp\/v2\/pages\/23\/revisions"}],"predecessor-version":[{"id":40971,"href":"https:\/\/www.cerramientosmetalicos.com\/es\/wp-json\/wp\/v2\/pages\/23\/revisions\/40971"}],"wp:attachment":[{"href":"https:\/\/www.cerramientosmetalicos.com\/es\/wp-json\/wp\/v2\/media?parent=23"}],"curies":[{"name":"wp","href":"https:\/\/api.w.org\/{rel}","templated":true}]}}