{"id":40655,"date":"2015-05-07T09:43:57","date_gmt":"2015-05-07T09:43:57","guid":{"rendered":"http:\/\/www.cerramientosmetalicos.com\/es\/?page_id=40655"},"modified":"2026-04-22T05:10:41","modified_gmt":"2026-04-22T05:10:41","slug":"donde-estamos","status":"publish","type":"page","link":"https:\/\/www.cerramientosmetalicos.com\/es\/donde-estamos\/","title":{"rendered":"Donde estamos"},"content":{"rendered":"<section class=\"wpb-content-wrapper\"><p>[vc_row][vc_column][vc_text_separator title=\u00bbLOCALIZACI\u00d3N\u00bb down=\u00bb10&#8243;][\/vc_column][\/vc_row][vc_row][vc_column width=\u00bb1\/4&#8243;][vc_column_text]<\/p>\n<p data-start=\"71\" data-end=\"231\">Situada en Guarnizo, en el municipio de El Astillero (Cantabria), se encuentra <strong data-start=\"150\" data-end=\"176\">Cerramientos Raos S.L.<\/strong>, con buen acceso desde Santander y las zonas cercanas.<\/p>\n<p data-start=\"233\" data-end=\"329\">Su ubicaci\u00f3n, pr\u00f3xima a la autov\u00eda S-10, facilita el acceso tanto a clientes como a proveedores.<\/p>\n<p>&nbsp;<\/p>\n<p><strong>C\/ Ram\u00f3n y Cajal, 94<\/strong><br \/>\n39611 Guarnizo (Cantabria) ESPA\u00d1A<\/p>\n<p><strong>Tel\u00e9fono: <a href=\"tel:615408105\">615 408 105<\/a><\/strong><\/p>\n<p><a href=\"http:\/\/www.cerramientosmetalicos.com\">www.cerramientosmetalicos.com<\/a><br \/>\n<a href=\"mailto:cerramientosraos@cerramientosraos.com\">cerramientosraos@cerramientosraos.com<\/a><br \/>\n<a class=\"moz-txt-link-abbreviated\" href=\"mailto:comercial@cerramientosraos.com\">comercial@cerramientosraos.com<\/a>[\/vc_column_text][\/vc_column][vc_column width=\u00bb3\/4&#8243;][vc_raw_html]JTNDaWZyYW1lJTIwc3JjJTNEJTIyaHR0cHMlM0ElMkYlMkZ3d3cuZ29vZ2xlLmNvbSUyRm1hcHMlMkZlbWJlZCUzRnBiJTNEJTIxMW0xNCUyMTFtMTIlMjExbTMlMjExZDUxMi41MTg0OTM1ODI2MDM4JTIxMmQtMy44NTk1MjAyNDkyNDY4MTUlMjEzZDQzLjM5Mjg2MjMwOTEzOTc2JTIxMm0zJTIxMWYwJTIxMmYwJTIxM2YwJTIxM20yJTIxMWkxMDI0JTIxMmk3NjglMjE0ZjEzLjElMjE1ZTAlMjEzbTIlMjExc2VzJTIxMnNlcyUyMTR2MTc3Njc2OTU4MDk1NyUyMTVtMiUyMTFzZXMlMjEyc2VzJTIyJTIwd2lkdGglM0QlMjI4MDAlMjIlMjBoZWlnaHQlM0QlMjI0NTAlMjIlMjBzdHlsZSUzRCUyMmJvcmRlciUzQTAlM0IlMjIlMjBhbGxvd2Z1bGxzY3JlZW4lM0QlMjIlMjIlMjBsb2FkaW5nJTNEJTIybGF6eSUyMiUyMHJlZmVycmVycG9saWN5JTNEJTIybm8tcmVmZXJyZXItd2hlbi1kb3duZ3JhZGUlMjIlM0UlM0MlMkZpZnJhbWUlM0U=[\/vc_raw_html][\/vc_column][\/vc_row][vc_row][vc_column][vc_separator type=\u00bbtransparent\u00bb up=\u00bb30&#8243;][\/vc_column][\/vc_row]<\/p>\n<\/section>","protected":false},"excerpt":{"rendered":"<p>[vc_row][vc_column][vc_text_separator title=\u00bbLOCALIZACI\u00d3N\u00bb down=\u00bb10&#8243;][\/vc_column][\/vc_row][vc_row][vc_column width=\u00bb1\/4&#8243;][vc_column_text] Situada en Guarnizo, en el municipio de El Astillero (Cantabria), se encuentra Cerramientos Raos S.L., con buen acceso desde Santander y las zonas cercanas. Su ubicaci\u00f3n, pr\u00f3xima a la autov\u00eda S-10, facilita el acceso tanto a clientes como a proveedores. &nbsp;&#8230;<\/p>\n","protected":false},"author":1,"featured_media":0,"parent":0,"menu_order":0,"comment_status":"open","ping_status":"open","template":"","meta":{"footnotes":""},"class_list":["post-40655","page","type-page","status-publish","hentry"],"_links":{"self":[{"href":"https:\/\/www.cerramientosmetalicos.com\/es\/wp-json\/wp\/v2\/pages\/40655","targetHints":{"allow":["GET"]}}],"collection":[{"href":"https:\/\/www.cerramientosmetalicos.com\/es\/wp-json\/wp\/v2\/pages"}],"about":[{"href":"https:\/\/www.cerramientosmetalicos.com\/es\/wp-json\/wp\/v2\/types\/page"}],"author":[{"embeddable":true,"href":"https:\/\/www.cerramientosmetalicos.com\/es\/wp-json\/wp\/v2\/users\/1"}],"replies":[{"embeddable":true,"href":"https:\/\/www.cerramientosmetalicos.com\/es\/wp-json\/wp\/v2\/comments?post=40655"}],"version-history":[{"count":19,"href":"https:\/\/www.cerramientosmetalicos.com\/es\/wp-json\/wp\/v2\/pages\/40655\/revisions"}],"predecessor-version":[{"id":40957,"href":"https:\/\/www.cerramientosmetalicos.com\/es\/wp-json\/wp\/v2\/pages\/40655\/revisions\/40957"}],"wp:attachment":[{"href":"https:\/\/www.cerramientosmetalicos.com\/es\/wp-json\/wp\/v2\/media?parent=40655"}],"curies":[{"name":"wp","href":"https:\/\/api.w.org\/{rel}","templated":true}]}}