{"id":40888,"date":"2026-04-17T05:25:08","date_gmt":"2026-04-17T05:25:08","guid":{"rendered":"https:\/\/www.cerramientosmetalicos.com\/es\/?page_id=40888"},"modified":"2026-04-22T05:08:40","modified_gmt":"2026-04-22T05:08:40","slug":"transparencia","status":"publish","type":"page","link":"https:\/\/www.cerramientosmetalicos.com\/es\/transparencia\/","title":{"rendered":"Transparencia"},"content":{"rendered":"<section class=\"wpb-content-wrapper\"><p>[vc_row][vc_column][vc_text_separator title=\u00bbTRANSPARENCIA\u00bb up=\u00bb20&#8243;][vc_column_text]<\/p>\r\n<p>\u00a0La transparencia es un pilar fundamental de nuestra actividad.<\/p>\r\n<p><!-- \/wp:post-content -->En esta secci\u00f3n detallamos las ayudas p\u00fablicas recibidas, su destino y el impacto generado, garantizando una gesti\u00f3n eficiente y responsable.<\/p>\r\n<!-- wp:paragraph {\"align\":\"center\"} -->\r\n\r\n<!-- wp:paragraph {\"align\":\"center\"} \/-->\r\n<p>&nbsp;<\/p>\r\n<!-- wp:paragraph {\"align\":\"center\"} -->\r\n<p class=\"has-text-align-center\"><!-- \/wp:paragraph --><\/p>\r\n<!-- wp:list -->\r\n<ul class=\"wp-block-list\"><!-- wp:list-item -->\r\n<li><strong><a href=\"https:\/\/www.cerramientosmetalicos.com\/es\/transparencia\/40901-2\/\" data-type=\"page\" data-id=\"40901\">SUBVENCI\u00d3N SODERCAN<\/a><\/strong><\/li>\r\n<\/ul>\r\n<p><!-- \/wp:list-item --><!-- \/wp:list -->\u00a0<\/p>\r\n<p><!-- wp:paragraph \/-->[\/vc_column_text][\/vc_column][\/vc_row]<\/p><\/section>","protected":false},"excerpt":{"rendered":"<p>[vc_row][vc_column][vc_text_separator title=\u00bbTRANSPARENCIA\u00bb up=\u00bb20&#8243;][vc_column_text] \u00a0La transparencia es un pilar fundamental de nuestra actividad. En esta secci\u00f3n detallamos las ayudas p\u00fablicas recibidas, su destino y el impacto generado, garantizando una gesti\u00f3n eficiente y responsable. &nbsp; SUBVENCI\u00d3N SODERCAN \u00a0 [\/vc_column_text][\/vc_column][\/vc_row]<\/p>\n","protected":false},"author":1,"featured_media":0,"parent":0,"menu_order":0,"comment_status":"closed","ping_status":"closed","template":"","meta":{"footnotes":""},"class_list":["post-40888","page","type-page","status-publish","hentry"],"_links":{"self":[{"href":"https:\/\/www.cerramientosmetalicos.com\/es\/wp-json\/wp\/v2\/pages\/40888","targetHints":{"allow":["GET"]}}],"collection":[{"href":"https:\/\/www.cerramientosmetalicos.com\/es\/wp-json\/wp\/v2\/pages"}],"about":[{"href":"https:\/\/www.cerramientosmetalicos.com\/es\/wp-json\/wp\/v2\/types\/page"}],"author":[{"embeddable":true,"href":"https:\/\/www.cerramientosmetalicos.com\/es\/wp-json\/wp\/v2\/users\/1"}],"replies":[{"embeddable":true,"href":"https:\/\/www.cerramientosmetalicos.com\/es\/wp-json\/wp\/v2\/comments?post=40888"}],"version-history":[{"count":19,"href":"https:\/\/www.cerramientosmetalicos.com\/es\/wp-json\/wp\/v2\/pages\/40888\/revisions"}],"predecessor-version":[{"id":40955,"href":"https:\/\/www.cerramientosmetalicos.com\/es\/wp-json\/wp\/v2\/pages\/40888\/revisions\/40955"}],"wp:attachment":[{"href":"https:\/\/www.cerramientosmetalicos.com\/es\/wp-json\/wp\/v2\/media?parent=40888"}],"curies":[{"name":"wp","href":"https:\/\/api.w.org\/{rel}","templated":true}]}}