{"id":59,"date":"2014-12-17T10:30:06","date_gmt":"2014-12-17T10:30:06","guid":{"rendered":"http:\/\/demo.select-themes.com\/cabin8\/?page_id=59"},"modified":"2026-04-22T05:10:14","modified_gmt":"2026-04-22T05:10:14","slug":"contacto","status":"publish","type":"page","link":"https:\/\/www.cerramientosmetalicos.com\/es\/contacto\/","title":{"rendered":"Contacto"},"content":{"rendered":"<section class=\"wpb-content-wrapper\"><p>[vc_row padding_bottom=\u00bb0&#8243; triangle_shape=\u00bbno\u00bb triangle_shape_position=\u00bbboth\u00bb][vc_column][vc_text_separator title=\u00bbCONTACTO\u00bb up=\u00bb80&#8243; box_margin=\u00bb10&#8243;][\/vc_column][\/vc_row][vc_row][vc_column width=\u00bb1\/2&#8243; css=\u00bb.vc_custom_1431012212334{padding-right: 40px !important;}\u00bb][vc_column_text]Para ponerse en contacto con nosotros, pueden hacerlo de varias formas, por correo, por tel\u00e9fono o de una manera m\u00e1s r\u00e1pida y eficaz a tr\u00e1ves del formulario de contacto de la derecha. Una vez recibida su consulta contactaremos con ustedes en el menor tiempo posible<\/p>\n<p>C\/ Ram\u00f3n y Cajal, 94<br \/>\n39611 Guarnizo (Cantabria) ESPA\u00d1A<\/p>\n<p><strong>Telf.: <\/strong><a href=\"tel:615408105\">615 408 105<\/a><strong><br \/>\n<\/strong><\/p>\n<p><a href=\"http:\/\/www.cerramientosmetalicos.com\">www.cerramientosmetalicos.com<\/a><br \/>\n<a href=\"mailto:cerramientosraos@cerramientosraos.com\">cerramientosraos@cerramientosraos.com<\/a><br \/>\n<a class=\"moz-txt-link-abbreviated\" href=\"mailto:comercial@cerramientosraos.com\">comercial@cerramientosraos.com<\/a><\/p>\n<p>Si lo desea puede visitar nuestras instalaciones y oficinas en horario de <strong>lunes a viernes<\/strong>:<br \/>\nDe <strong>8:00 a 13:00<\/strong> horas.<br \/>\nEn horario de tarde puede consultarnos llamando al <strong>615 408 105<\/strong>[\/vc_column_text][\/vc_column][vc_column width=\u00bb1\/2&#8243;]\n<div class=\"wpcf7 no-js\" id=\"wpcf7-f40713-o1\" lang=\"es-ES\" dir=\"ltr\" data-wpcf7-id=\"40713\">\n<div class=\"screen-reader-response\"><p role=\"status\" aria-live=\"polite\" aria-atomic=\"true\"><\/p> <ul><\/ul><\/div>\n<form action=\"\/es\/wp-json\/wp\/v2\/pages\/59#wpcf7-f40713-o1\" method=\"post\" class=\"wpcf7-form init\" aria-label=\"Formulario de contacto\" novalidate=\"novalidate\" data-status=\"init\">\n<fieldset class=\"hidden-fields-container\"><input type=\"hidden\" name=\"_wpcf7\" value=\"40713\" \/><input type=\"hidden\" name=\"_wpcf7_version\" value=\"6.1.5\" \/><input type=\"hidden\" name=\"_wpcf7_locale\" value=\"es_ES\" \/><input type=\"hidden\" name=\"_wpcf7_unit_tag\" value=\"wpcf7-f40713-o1\" \/><input type=\"hidden\" name=\"_wpcf7_container_post\" value=\"0\" \/><input type=\"hidden\" name=\"_wpcf7_posted_data_hash\" value=\"\" \/><input type=\"hidden\" name=\"_wpcf7_recaptcha_response\" value=\"\" \/>\n<\/fieldset>\n<p>Nombre (*)\n<\/p>\n<p><span class=\"wpcf7-form-control-wrap\" data-name=\"your-name\"><input size=\"40\" maxlength=\"400\" class=\"wpcf7-form-control wpcf7-text wpcf7-validates-as-required\" aria-required=\"true\" aria-invalid=\"false\" value=\"\" type=\"text\" name=\"your-name\" \/><\/span>\n<\/p>\n<p>E-mail\n<\/p>\n<p><span class=\"wpcf7-form-control-wrap\" data-name=\"your-email\"><input size=\"40\" maxlength=\"400\" class=\"wpcf7-form-control wpcf7-email wpcf7-text wpcf7-validates-as-email\" aria-invalid=\"false\" value=\"\" type=\"email\" name=\"your-email\" \/><\/span>\n<\/p>\n<p>Tel\u00e9fono de contacto(*)<br \/>\n<span class=\"wpcf7-form-control-wrap\" data-name=\"tel-230\"><input size=\"40\" maxlength=\"400\" class=\"wpcf7-form-control wpcf7-tel wpcf7-validates-as-required wpcf7-text wpcf7-validates-as-tel\" aria-required=\"true\" aria-invalid=\"false\" value=\"\" type=\"tel\" name=\"tel-230\" \/><\/span>\n<\/p>\n<p>Consulta (*)\n<\/p>\n<p><span class=\"wpcf7-form-control-wrap\" data-name=\"your-message\"><textarea cols=\"40\" rows=\"10\" maxlength=\"2000\" class=\"wpcf7-form-control wpcf7-textarea wpcf7-validates-as-required\" aria-required=\"true\" aria-invalid=\"false\" name=\"your-message\"><\/textarea><\/span>\n<\/p>\n<p><input class=\"wpcf7-form-control wpcf7-submit has-spinner\" type=\"submit\" value=\"Enviar\" \/>\n<\/p><p style=\"display: none !important;\" class=\"akismet-fields-container\" data-prefix=\"_wpcf7_ak_\"><label>&#916;<textarea name=\"_wpcf7_ak_hp_textarea\" cols=\"45\" rows=\"8\" maxlength=\"100\"><\/textarea><\/label><input type=\"hidden\" id=\"ak_js_1\" name=\"_wpcf7_ak_js\" value=\"185\"\/><script>document.getElementById( \"ak_js_1\" ).setAttribute( \"value\", ( new Date() ).getTime() );<\/script><\/p><div class=\"wpcf7-response-output\" aria-hidden=\"true\"><\/div>\n<\/form>\n<\/div>\n[\/vc_column][\/vc_row][vc_row][vc_column][vc_separator type=\u00bbtransparent\u00bb up=\u00bb30&#8243;][\/vc_column][\/vc_row]<\/p>\n<\/section>","protected":false},"excerpt":{"rendered":"<p>[vc_row padding_bottom=\u00bb0&#8243; triangle_shape=\u00bbno\u00bb triangle_shape_position=\u00bbboth\u00bb][vc_column][vc_text_separator title=\u00bbCONTACTO\u00bb up=\u00bb80&#8243; box_margin=\u00bb10&#8243;][\/vc_column][\/vc_row][vc_row][vc_column width=\u00bb1\/2&#8243; css=\u00bb.vc_custom_1431012212334{padding-right: 40px !important;}\u00bb][vc_column_text]Para ponerse en contacto con nosotros, pueden hacerlo de varias formas, por correo, por tel\u00e9fono o de una manera m\u00e1s r\u00e1pida y eficaz a tr\u00e1ves del formulario de contacto de la derecha. Una vez recibida&#8230;<\/p>\n","protected":false},"author":1,"featured_media":0,"parent":0,"menu_order":0,"comment_status":"open","ping_status":"open","template":"","meta":{"footnotes":""},"class_list":["post-59","page","type-page","status-publish","hentry"],"_links":{"self":[{"href":"https:\/\/www.cerramientosmetalicos.com\/es\/wp-json\/wp\/v2\/pages\/59","targetHints":{"allow":["GET"]}}],"collection":[{"href":"https:\/\/www.cerramientosmetalicos.com\/es\/wp-json\/wp\/v2\/pages"}],"about":[{"href":"https:\/\/www.cerramientosmetalicos.com\/es\/wp-json\/wp\/v2\/types\/page"}],"author":[{"embeddable":true,"href":"https:\/\/www.cerramientosmetalicos.com\/es\/wp-json\/wp\/v2\/users\/1"}],"replies":[{"embeddable":true,"href":"https:\/\/www.cerramientosmetalicos.com\/es\/wp-json\/wp\/v2\/comments?post=59"}],"version-history":[{"count":19,"href":"https:\/\/www.cerramientosmetalicos.com\/es\/wp-json\/wp\/v2\/pages\/59\/revisions"}],"predecessor-version":[{"id":40956,"href":"https:\/\/www.cerramientosmetalicos.com\/es\/wp-json\/wp\/v2\/pages\/59\/revisions\/40956"}],"wp:attachment":[{"href":"https:\/\/www.cerramientosmetalicos.com\/es\/wp-json\/wp\/v2\/media?parent=59"}],"curies":[{"name":"wp","href":"https:\/\/api.w.org\/{rel}","templated":true}]}}